{"id":14,"date":"2020-07-31T06:52:16","date_gmt":"2020-07-31T06:52:16","guid":{"rendered":"http:\/\/inin.projects.unibz.it\/?page_id=14"},"modified":"2021-08-19T14:38:07","modified_gmt":"2021-08-19T14:38:07","slug":"italiano","status":"publish","type":"page","link":"https:\/\/inin.projects.unibz.it\/?page_id=14","title":{"rendered":"italiano"},"content":{"rendered":"\n<h2 class=\"wp-block-heading\">IN IN Strumenti per l&#8217;inclusione<\/h2>\n\n\n\n<figure class=\"wp-block-image size-large\"><img loading=\"lazy\" decoding=\"async\" width=\"1024\" height=\"231\" src=\"https:\/\/inin.projects.unibz.it\/wp-content\/uploads\/2020\/07\/together-2450090_1920-2-1024x231.jpg\" alt=\"\" class=\"wp-image-15\" srcset=\"https:\/\/inin.projects.unibz.it\/wp-content\/uploads\/2020\/07\/together-2450090_1920-2-1024x231.jpg 1024w, https:\/\/inin.projects.unibz.it\/wp-content\/uploads\/2020\/07\/together-2450090_1920-2-300x68.jpg 300w, https:\/\/inin.projects.unibz.it\/wp-content\/uploads\/2020\/07\/together-2450090_1920-2-768x173.jpg 768w, https:\/\/inin.projects.unibz.it\/wp-content\/uploads\/2020\/07\/together-2450090_1920-2-1536x346.jpg 1536w, https:\/\/inin.projects.unibz.it\/wp-content\/uploads\/2020\/07\/together-2450090_1920-2.jpg 1909w\" sizes=\"auto, (max-width: 1024px) 100vw, 1024px\" \/><\/figure>\n\n\n\n<p>L\u2019inclusivit\u00e0 di una scuola, e pi\u00f9 in generale di un sistema formativo, non \u00e8 soltanto un buon lavoro educativo e didattico rivolto ad alunne e alunni con disabilit\u00e0. <strong>Una scuola inclusiva riconosce e valorizza le differenze di tutti gli alunni e tutte le alunne fondandosi sull\u2019idea e sul valore che l\u2019educazione \u00e8 un diritto umano di base e il fondamento di una societ\u00e0 giusta ed equa<\/strong>.<\/p>\n\n\n\n<p>Il progetto IN IN della Facolt\u00e0 di Scienze della Formazione Primaria abbraccia la visione ampia di inclusione e ha lavorato per l\u2019<strong>individuazione e sperimentazione di strumenti capaci di supportare processi virtuosi e partecipati di autovalutazione<\/strong> e <strong>autosviluppo<\/strong> delle dimensioni rilevanti di una scuola inclusiva di qualit\u00e0.<\/p>\n\n\n\n<p>I risultati del progetto sono documentati nella pubblicazione: Ianes D., Dell\u2019Anna S, Demo H. e Macchia V. (2020) IN-IN Strumenti per l\u2019inclusione. Instrumente f\u00fcr Inklusion, Milano: FrancoAngeli, <a href=\"http:\/\/ojs.francoangeli.it\/_omp\/index.php\/oa\/catalog\/book\/563\" target=\"_blank\" rel=\"noreferrer noopener\">OPEN ACCESS<\/a><\/p>\n\n\n\n<p>Una versione in breve dei risultati pu\u00f2 essere scaricata qui:<\/p>\n\n\n\n<div class=\"wp-block-file\"><a href=\"https:\/\/inin.projects.unibz.it\/wp-content\/uploads\/2020\/07\/IN-IN_ita-1.pdf\">IN-IN_ita-1<\/a><a href=\"https:\/\/inin.projects.unibz.it\/wp-content\/uploads\/2020\/07\/IN-IN_ita-1.pdf\" class=\"wp-block-file__button\" download>Download<\/a><\/div>\n\n\n\n<p class=\"has-very-light-gray-background-color has-background\">Team di ricerca della Facolt\u00e0 di Scienze della Formazione della Libera Universit\u00e0 di Bolzano: Dario Ianes, Silvia Dell\u2019Anna, Heidrun Demo e Vanessa Macchia<\/p>\n\n\n\n<p class=\"has-very-light-gray-background-color has-background\">Scuole che hanno partecipato al progetto: Schulsprengel di Eppan, Scuola Primaria Galilei di Brunico, Scuola dell\u2019Infanzia Casanova di Bolzano, Scuola dell\u2019Infanzia Salieta di Orisei<\/p>\n","protected":false},"excerpt":{"rendered":"<p>IN IN Strumenti per l&#8217;inclusione L\u2019inclusivit\u00e0 di una scuola, e pi\u00f9 in generale di un sistema formativo, non \u00e8 soltanto un buon lavoro educativo e didattico rivolto ad alunne e alunni con disabilit\u00e0. Una scuola inclusiva riconosce e valorizza le differenze di tutti gli alunni e tutte le alunne fondandosi sull\u2019idea e sul valore che l\u2019educazione \u00e8 un diritto umano di base e il fondamento di una societ\u00e0 giusta ed equa. Il progetto IN IN della Facolt\u00e0 di Scienze della Formazione Primaria abbraccia la visione ampia di inclusione e ha lavorato per l\u2019individuazione e sperimentazione di strumenti capaci di supportare [&hellip;]<\/p>\n","protected":false},"author":4,"featured_media":0,"parent":0,"menu_order":0,"comment_status":"closed","ping_status":"closed","template":"","meta":{"footnotes":""},"class_list":["post-14","page","type-page","status-publish","hentry"],"yoast_head":"<!-- This site is optimized with the Yoast SEO plugin v27.5 - https:\/\/yoast.com\/product\/yoast-seo-wordpress\/ -->\n<title>italiano - demo.unibz.it<\/title>\n<meta name=\"robots\" content=\"index, follow, max-snippet:-1, max-image-preview:large, max-video-preview:-1\" \/>\n<link rel=\"canonical\" href=\"https:\/\/inin.projects.unibz.it\/?page_id=14\" \/>\n<meta property=\"og:locale\" content=\"en_US\" \/>\n<meta property=\"og:type\" content=\"article\" \/>\n<meta property=\"og:title\" content=\"italiano - demo.unibz.it\" \/>\n<meta property=\"og:description\" content=\"IN IN Strumenti per l&#8217;inclusione L\u2019inclusivit\u00e0 di una scuola, e pi\u00f9 in generale di un sistema formativo, non \u00e8 soltanto un buon lavoro educativo e didattico rivolto ad alunne e alunni con disabilit\u00e0. Una scuola inclusiva riconosce e valorizza le differenze di tutti gli alunni e tutte le alunne fondandosi sull\u2019idea e sul valore che l\u2019educazione \u00e8 un diritto umano di base e il fondamento di una societ\u00e0 giusta ed equa. Il progetto IN IN della Facolt\u00e0 di Scienze della Formazione Primaria abbraccia la visione ampia di inclusione e ha lavorato per l\u2019individuazione e sperimentazione di strumenti capaci di supportare [&hellip;]\" \/>\n<meta property=\"og:url\" content=\"https:\/\/inin.projects.unibz.it\/?page_id=14\" \/>\n<meta property=\"og:site_name\" content=\"demo.unibz.it\" \/>\n<meta property=\"article:modified_time\" content=\"2021-08-19T14:38:07+00:00\" \/>\n<meta property=\"og:image\" content=\"https:\/\/inin.projects.unibz.it\/wp-content\/uploads\/2020\/07\/together-2450090_1920-2-1024x231.jpg\" \/>\n<meta name=\"twitter:card\" content=\"summary_large_image\" \/>\n<meta name=\"twitter:label1\" content=\"Est. reading time\" \/>\n\t<meta name=\"twitter:data1\" content=\"2 minutes\" \/>\n<script type=\"application\/ld+json\" class=\"yoast-schema-graph\">{\"@context\":\"https:\\\/\\\/schema.org\",\"@graph\":[{\"@type\":\"WebPage\",\"@id\":\"https:\\\/\\\/inin.projects.unibz.it\\\/?page_id=14\",\"url\":\"https:\\\/\\\/inin.projects.unibz.it\\\/?page_id=14\",\"name\":\"italiano - demo.unibz.it\",\"isPartOf\":{\"@id\":\"http:\\\/\\\/inin.projects.unibz.it\\\/#website\"},\"primaryImageOfPage\":{\"@id\":\"https:\\\/\\\/inin.projects.unibz.it\\\/?page_id=14#primaryimage\"},\"image\":{\"@id\":\"https:\\\/\\\/inin.projects.unibz.it\\\/?page_id=14#primaryimage\"},\"thumbnailUrl\":\"https:\\\/\\\/inin.projects.unibz.it\\\/wp-content\\\/uploads\\\/2020\\\/07\\\/together-2450090_1920-2-1024x231.jpg\",\"datePublished\":\"2020-07-31T06:52:16+00:00\",\"dateModified\":\"2021-08-19T14:38:07+00:00\",\"breadcrumb\":{\"@id\":\"https:\\\/\\\/inin.projects.unibz.it\\\/?page_id=14#breadcrumb\"},\"inLanguage\":\"en-US\",\"potentialAction\":[{\"@type\":\"ReadAction\",\"target\":[\"https:\\\/\\\/inin.projects.unibz.it\\\/?page_id=14\"]}]},{\"@type\":\"ImageObject\",\"inLanguage\":\"en-US\",\"@id\":\"https:\\\/\\\/inin.projects.unibz.it\\\/?page_id=14#primaryimage\",\"url\":\"https:\\\/\\\/inin.projects.unibz.it\\\/wp-content\\\/uploads\\\/2020\\\/07\\\/together-2450090_1920-2-1024x231.jpg\",\"contentUrl\":\"https:\\\/\\\/inin.projects.unibz.it\\\/wp-content\\\/uploads\\\/2020\\\/07\\\/together-2450090_1920-2-1024x231.jpg\"},{\"@type\":\"BreadcrumbList\",\"@id\":\"https:\\\/\\\/inin.projects.unibz.it\\\/?page_id=14#breadcrumb\",\"itemListElement\":[{\"@type\":\"ListItem\",\"position\":1,\"name\":\"Home\",\"item\":\"http:\\\/\\\/inin.projects.unibz.it\\\/\"},{\"@type\":\"ListItem\",\"position\":2,\"name\":\"italiano\"}]},{\"@type\":\"WebSite\",\"@id\":\"http:\\\/\\\/inin.projects.unibz.it\\\/#website\",\"url\":\"http:\\\/\\\/inin.projects.unibz.it\\\/\",\"name\":\"demo.unibz.it\",\"description\":\"Just another WordPress site\",\"potentialAction\":[{\"@type\":\"SearchAction\",\"target\":{\"@type\":\"EntryPoint\",\"urlTemplate\":\"http:\\\/\\\/inin.projects.unibz.it\\\/?s={search_term_string}\"},\"query-input\":{\"@type\":\"PropertyValueSpecification\",\"valueRequired\":true,\"valueName\":\"search_term_string\"}}],\"inLanguage\":\"en-US\"}]}<\/script>\n<!-- \/ Yoast SEO plugin. -->","yoast_head_json":{"title":"italiano - demo.unibz.it","robots":{"index":"index","follow":"follow","max-snippet":"max-snippet:-1","max-image-preview":"max-image-preview:large","max-video-preview":"max-video-preview:-1"},"canonical":"https:\/\/inin.projects.unibz.it\/?page_id=14","og_locale":"en_US","og_type":"article","og_title":"italiano - demo.unibz.it","og_description":"IN IN Strumenti per l&#8217;inclusione L\u2019inclusivit\u00e0 di una scuola, e pi\u00f9 in generale di un sistema formativo, non \u00e8 soltanto un buon lavoro educativo e didattico rivolto ad alunne e alunni con disabilit\u00e0. Una scuola inclusiva riconosce e valorizza le differenze di tutti gli alunni e tutte le alunne fondandosi sull\u2019idea e sul valore che l\u2019educazione \u00e8 un diritto umano di base e il fondamento di una societ\u00e0 giusta ed equa. Il progetto IN IN della Facolt\u00e0 di Scienze della Formazione Primaria abbraccia la visione ampia di inclusione e ha lavorato per l\u2019individuazione e sperimentazione di strumenti capaci di supportare [&hellip;]","og_url":"https:\/\/inin.projects.unibz.it\/?page_id=14","og_site_name":"demo.unibz.it","article_modified_time":"2021-08-19T14:38:07+00:00","og_image":[{"url":"https:\/\/inin.projects.unibz.it\/wp-content\/uploads\/2020\/07\/together-2450090_1920-2-1024x231.jpg","type":"","width":"","height":""}],"twitter_card":"summary_large_image","twitter_misc":{"Est. reading time":"2 minutes"},"schema":{"@context":"https:\/\/schema.org","@graph":[{"@type":"WebPage","@id":"https:\/\/inin.projects.unibz.it\/?page_id=14","url":"https:\/\/inin.projects.unibz.it\/?page_id=14","name":"italiano - demo.unibz.it","isPartOf":{"@id":"http:\/\/inin.projects.unibz.it\/#website"},"primaryImageOfPage":{"@id":"https:\/\/inin.projects.unibz.it\/?page_id=14#primaryimage"},"image":{"@id":"https:\/\/inin.projects.unibz.it\/?page_id=14#primaryimage"},"thumbnailUrl":"https:\/\/inin.projects.unibz.it\/wp-content\/uploads\/2020\/07\/together-2450090_1920-2-1024x231.jpg","datePublished":"2020-07-31T06:52:16+00:00","dateModified":"2021-08-19T14:38:07+00:00","breadcrumb":{"@id":"https:\/\/inin.projects.unibz.it\/?page_id=14#breadcrumb"},"inLanguage":"en-US","potentialAction":[{"@type":"ReadAction","target":["https:\/\/inin.projects.unibz.it\/?page_id=14"]}]},{"@type":"ImageObject","inLanguage":"en-US","@id":"https:\/\/inin.projects.unibz.it\/?page_id=14#primaryimage","url":"https:\/\/inin.projects.unibz.it\/wp-content\/uploads\/2020\/07\/together-2450090_1920-2-1024x231.jpg","contentUrl":"https:\/\/inin.projects.unibz.it\/wp-content\/uploads\/2020\/07\/together-2450090_1920-2-1024x231.jpg"},{"@type":"BreadcrumbList","@id":"https:\/\/inin.projects.unibz.it\/?page_id=14#breadcrumb","itemListElement":[{"@type":"ListItem","position":1,"name":"Home","item":"http:\/\/inin.projects.unibz.it\/"},{"@type":"ListItem","position":2,"name":"italiano"}]},{"@type":"WebSite","@id":"http:\/\/inin.projects.unibz.it\/#website","url":"http:\/\/inin.projects.unibz.it\/","name":"demo.unibz.it","description":"Just another WordPress site","potentialAction":[{"@type":"SearchAction","target":{"@type":"EntryPoint","urlTemplate":"http:\/\/inin.projects.unibz.it\/?s={search_term_string}"},"query-input":{"@type":"PropertyValueSpecification","valueRequired":true,"valueName":"search_term_string"}}],"inLanguage":"en-US"}]}},"_links":{"self":[{"href":"https:\/\/inin.projects.unibz.it\/index.php?rest_route=\/wp\/v2\/pages\/14","targetHints":{"allow":["GET"]}}],"collection":[{"href":"https:\/\/inin.projects.unibz.it\/index.php?rest_route=\/wp\/v2\/pages"}],"about":[{"href":"https:\/\/inin.projects.unibz.it\/index.php?rest_route=\/wp\/v2\/types\/page"}],"author":[{"embeddable":true,"href":"https:\/\/inin.projects.unibz.it\/index.php?rest_route=\/wp\/v2\/users\/4"}],"replies":[{"embeddable":true,"href":"https:\/\/inin.projects.unibz.it\/index.php?rest_route=%2Fwp%2Fv2%2Fcomments&post=14"}],"version-history":[{"count":3,"href":"https:\/\/inin.projects.unibz.it\/index.php?rest_route=\/wp\/v2\/pages\/14\/revisions"}],"predecessor-version":[{"id":44,"href":"https:\/\/inin.projects.unibz.it\/index.php?rest_route=\/wp\/v2\/pages\/14\/revisions\/44"}],"wp:attachment":[{"href":"https:\/\/inin.projects.unibz.it\/index.php?rest_route=%2Fwp%2Fv2%2Fmedia&parent=14"}],"curies":[{"name":"wp","href":"https:\/\/api.w.org\/{rel}","templated":true}]}}